{"id":9,"date":"2013-11-26T14:21:05","date_gmt":"2013-11-26T14:21:05","guid":{"rendered":"http:\/\/nordringschule.de\/?page_id=9"},"modified":"2024-03-13T08:31:27","modified_gmt":"2024-03-13T07:31:27","slug":"das-schulleben","status":"publish","type":"page","link":"https:\/\/nordringschule.de\/?page_id=9","title":{"rendered":"Unser Team"},"content":{"rendered":"<p>In unserem Team arbeiten die Schulleitung, Lehrkr\u00e4fte, P\u00e4dagogische Fachkr\u00e4fte, eine Schulsozialarbeiterin sowie Integrationskr\u00e4fte miteinander.<\/p>\n<p>Auch unsere weiteren Mitarbeiter*innen (Hausmeister und Sekret\u00e4rinnen) spielen eine wichtige Rolle im schulischen Alltag.<\/p>\n<p>Unser Schulelternbeirat, unsere Sch\u00fcler*innenvertretung und unser F\u00f6rderverein unterst\u00fctzen uns intensiv bei unserer Arbeit.<\/p>\n<p>&nbsp;<\/p>\n<p>&nbsp;<\/p>\n","protected":false},"excerpt":{"rendered":"<p>In unserem Team arbeiten die Schulleitung, Lehrkr\u00e4fte, P\u00e4dagogische Fachkr\u00e4fte, eine Schulsozialarbeiterin sowie Integrationskr\u00e4fte miteinander. Auch unsere weiteren Mitarbeiter*innen (Hausmeister und Sekret\u00e4rinnen) spielen eine wichtige Rolle im schulischen Alltag. Unser Schulelternbeirat, unsere Sch\u00fcler*innenvertretung und unser F\u00f6rderverein unterst\u00fctzen uns intensiv bei unserer &hellip; <a href=\"https:\/\/nordringschule.de\/?page_id=9\">Weiterlesen <span class=\"meta-nav\">&rarr;<\/span><\/a><\/p>\n","protected":false},"author":1,"featured_media":0,"parent":0,"menu_order":1,"comment_status":"closed","ping_status":"closed","template":"","meta":{"ngg_post_thumbnail":0,"footnotes":""},"class_list":["post-9","page","type-page","status-publish","hentry"],"_links":{"self":[{"href":"https:\/\/nordringschule.de\/index.php?rest_route=\/wp\/v2\/pages\/9","targetHints":{"allow":["GET"]}}],"collection":[{"href":"https:\/\/nordringschule.de\/index.php?rest_route=\/wp\/v2\/pages"}],"about":[{"href":"https:\/\/nordringschule.de\/index.php?rest_route=\/wp\/v2\/types\/page"}],"author":[{"embeddable":true,"href":"https:\/\/nordringschule.de\/index.php?rest_route=\/wp\/v2\/users\/1"}],"replies":[{"embeddable":true,"href":"https:\/\/nordringschule.de\/index.php?rest_route=%2Fwp%2Fv2%2Fcomments&post=9"}],"version-history":[{"count":6,"href":"https:\/\/nordringschule.de\/index.php?rest_route=\/wp\/v2\/pages\/9\/revisions"}],"predecessor-version":[{"id":4849,"href":"https:\/\/nordringschule.de\/index.php?rest_route=\/wp\/v2\/pages\/9\/revisions\/4849"}],"wp:attachment":[{"href":"https:\/\/nordringschule.de\/index.php?rest_route=%2Fwp%2Fv2%2Fmedia&parent=9"}],"curies":[{"name":"wp","href":"https:\/\/api.w.org\/{rel}","templated":true}]}}