{"id":86,"date":"2013-12-03T10:06:38","date_gmt":"2013-12-03T10:06:38","guid":{"rendered":"http:\/\/nordringschule.de\/?page_id=86"},"modified":"2025-09-29T10:17:45","modified_gmt":"2025-09-29T08:17:45","slug":"schulbauernhof","status":"publish","type":"page","link":"https:\/\/nordringschule.de\/?page_id=86","title":{"rendered":"Schulbauernhof"},"content":{"rendered":"\n<p class=\"has-text-align-left\">Im Rahmen des Praxistags darf eine Sch\u00fclergruppe der Oberstufe jeden Montag den Schulbauernhof besuchen. Dort helfen die Sch\u00fclerInnen Bauer Bernd und B\u00e4uerin Anke bei der t\u00e4glichen Arbeit auf dem Feld und mit den Tieren. Gemeinsam mit ihrer Lehrerin stellen die Kinder Z\u00e4une f\u00fcr die Schafherde und treiben die Tiere zur neuen Futterweise. Je nach Jahreszeit schleudern die Sch\u00fclerInnen Honig, pflanzen oder ernten Kartoffeln, Tomaten und andere Gem\u00fcsesorten, misten die Tierst\u00e4lle aus oder gehen mit den beiden Eseln spazieren.&nbsp; Auf dem Bauernhof ist Durchhalteverm\u00f6gen, handwerkliches Geschick und Feingef\u00fchl im Umgang mit Tieren gefragt. Die Sch\u00fclerInnen haben auf dem Schulbauernhof die M\u00f6glichkeit eigene Talente und F\u00e4higkeiten zu entdecken und auszubauen. Der Umgang mit Tieren wirkt auf viele Kinder motivierend. Ein besonderer H\u00f6hepunkt im Jahresverlauf sind die vielen Schafl\u00e4mmer, die im Fr\u00fchjahr geboren werden.<\/p>\n\n\n\n<figure class=\"wp-block-gallery has-nested-images columns-default is-cropped wp-block-gallery-1 is-layout-flex wp-block-gallery-is-layout-flex\">\n<figure class=\"wp-block-image size-large\"><a href=\"https:\/\/nordringschule.de\/wp-content\/uploads\/2025\/09\/DB6974E1-B742-4558-84A1-8A6736C9EF87-scaled.jpeg\"><img loading=\"lazy\" decoding=\"async\" width=\"768\" height=\"1024\" data-id=\"5308\" src=\"https:\/\/nordringschule.de\/wp-content\/uploads\/2025\/09\/DB6974E1-B742-4558-84A1-8A6736C9EF87-768x1024.jpeg\" alt=\"\" class=\"wp-image-5308\" srcset=\"https:\/\/nordringschule.de\/wp-content\/uploads\/2025\/09\/DB6974E1-B742-4558-84A1-8A6736C9EF87-768x1024.jpeg 768w, https:\/\/nordringschule.de\/wp-content\/uploads\/2025\/09\/DB6974E1-B742-4558-84A1-8A6736C9EF87-225x300.jpeg 225w, https:\/\/nordringschule.de\/wp-content\/uploads\/2025\/09\/DB6974E1-B742-4558-84A1-8A6736C9EF87-1152x1536.jpeg 1152w, https:\/\/nordringschule.de\/wp-content\/uploads\/2025\/09\/DB6974E1-B742-4558-84A1-8A6736C9EF87-1536x2048.jpeg 1536w, https:\/\/nordringschule.de\/wp-content\/uploads\/2025\/09\/DB6974E1-B742-4558-84A1-8A6736C9EF87-scaled.jpeg 1920w\" sizes=\"auto, (max-width: 768px) 100vw, 768px\" \/><\/a><\/figure>\n\n\n\n<figure class=\"wp-block-image size-large\"><a href=\"https:\/\/nordringschule.de\/wp-content\/uploads\/2025\/09\/AB2A8E96-A8A9-4A9A-A730-6967BAD1E64C-scaled.jpeg\"><img loading=\"lazy\" decoding=\"async\" width=\"768\" height=\"1024\" data-id=\"5307\" src=\"https:\/\/nordringschule.de\/wp-content\/uploads\/2025\/09\/AB2A8E96-A8A9-4A9A-A730-6967BAD1E64C-768x1024.jpeg\" alt=\"\" class=\"wp-image-5307\" srcset=\"https:\/\/nordringschule.de\/wp-content\/uploads\/2025\/09\/AB2A8E96-A8A9-4A9A-A730-6967BAD1E64C-768x1024.jpeg 768w, https:\/\/nordringschule.de\/wp-content\/uploads\/2025\/09\/AB2A8E96-A8A9-4A9A-A730-6967BAD1E64C-225x300.jpeg 225w, https:\/\/nordringschule.de\/wp-content\/uploads\/2025\/09\/AB2A8E96-A8A9-4A9A-A730-6967BAD1E64C-1152x1536.jpeg 1152w, https:\/\/nordringschule.de\/wp-content\/uploads\/2025\/09\/AB2A8E96-A8A9-4A9A-A730-6967BAD1E64C-1536x2048.jpeg 1536w, https:\/\/nordringschule.de\/wp-content\/uploads\/2025\/09\/AB2A8E96-A8A9-4A9A-A730-6967BAD1E64C-scaled.jpeg 1920w\" sizes=\"auto, (max-width: 768px) 100vw, 768px\" \/><\/a><\/figure>\n\n\n\n<figure class=\"wp-block-image size-large\"><a href=\"https:\/\/nordringschule.de\/wp-content\/uploads\/2025\/09\/B28A4C1E-32CE-4054-8DCC-7903A6C0C232-scaled.jpeg\"><img loading=\"lazy\" decoding=\"async\" width=\"768\" height=\"1024\" data-id=\"5304\" src=\"https:\/\/nordringschule.de\/wp-content\/uploads\/2025\/09\/B28A4C1E-32CE-4054-8DCC-7903A6C0C232-768x1024.jpeg\" alt=\"\" class=\"wp-image-5304\" srcset=\"https:\/\/nordringschule.de\/wp-content\/uploads\/2025\/09\/B28A4C1E-32CE-4054-8DCC-7903A6C0C232-768x1024.jpeg 768w, https:\/\/nordringschule.de\/wp-content\/uploads\/2025\/09\/B28A4C1E-32CE-4054-8DCC-7903A6C0C232-225x300.jpeg 225w, https:\/\/nordringschule.de\/wp-content\/uploads\/2025\/09\/B28A4C1E-32CE-4054-8DCC-7903A6C0C232-1152x1536.jpeg 1152w, https:\/\/nordringschule.de\/wp-content\/uploads\/2025\/09\/B28A4C1E-32CE-4054-8DCC-7903A6C0C232-1536x2048.jpeg 1536w, https:\/\/nordringschule.de\/wp-content\/uploads\/2025\/09\/B28A4C1E-32CE-4054-8DCC-7903A6C0C232-scaled.jpeg 1920w\" sizes=\"auto, (max-width: 768px) 100vw, 768px\" \/><\/a><\/figure>\n\n\n\n<figure class=\"wp-block-image size-large\"><a href=\"https:\/\/nordringschule.de\/wp-content\/uploads\/2025\/09\/02ED36DF-A143-44A0-87E3-AB4412A3F343-scaled.jpeg\"><img loading=\"lazy\" decoding=\"async\" width=\"768\" height=\"1024\" data-id=\"5306\" src=\"https:\/\/nordringschule.de\/wp-content\/uploads\/2025\/09\/02ED36DF-A143-44A0-87E3-AB4412A3F343-768x1024.jpeg\" alt=\"\" class=\"wp-image-5306\" srcset=\"https:\/\/nordringschule.de\/wp-content\/uploads\/2025\/09\/02ED36DF-A143-44A0-87E3-AB4412A3F343-768x1024.jpeg 768w, https:\/\/nordringschule.de\/wp-content\/uploads\/2025\/09\/02ED36DF-A143-44A0-87E3-AB4412A3F343-225x300.jpeg 225w, https:\/\/nordringschule.de\/wp-content\/uploads\/2025\/09\/02ED36DF-A143-44A0-87E3-AB4412A3F343-1152x1536.jpeg 1152w, https:\/\/nordringschule.de\/wp-content\/uploads\/2025\/09\/02ED36DF-A143-44A0-87E3-AB4412A3F343-1536x2048.jpeg 1536w, https:\/\/nordringschule.de\/wp-content\/uploads\/2025\/09\/02ED36DF-A143-44A0-87E3-AB4412A3F343-scaled.jpeg 1920w\" sizes=\"auto, (max-width: 768px) 100vw, 768px\" \/><\/a><\/figure>\n\n\n\n<figure class=\"wp-block-image size-large\"><a href=\"https:\/\/nordringschule.de\/wp-content\/uploads\/2025\/09\/D4693B03-DC11-41AA-B44F-05AF417B4DA5-scaled.jpeg\"><img loading=\"lazy\" decoding=\"async\" width=\"768\" height=\"1024\" data-id=\"5303\" src=\"https:\/\/nordringschule.de\/wp-content\/uploads\/2025\/09\/D4693B03-DC11-41AA-B44F-05AF417B4DA5-768x1024.jpeg\" alt=\"\" class=\"wp-image-5303\" srcset=\"https:\/\/nordringschule.de\/wp-content\/uploads\/2025\/09\/D4693B03-DC11-41AA-B44F-05AF417B4DA5-768x1024.jpeg 768w, https:\/\/nordringschule.de\/wp-content\/uploads\/2025\/09\/D4693B03-DC11-41AA-B44F-05AF417B4DA5-225x300.jpeg 225w, https:\/\/nordringschule.de\/wp-content\/uploads\/2025\/09\/D4693B03-DC11-41AA-B44F-05AF417B4DA5-1152x1536.jpeg 1152w, https:\/\/nordringschule.de\/wp-content\/uploads\/2025\/09\/D4693B03-DC11-41AA-B44F-05AF417B4DA5-1536x2048.jpeg 1536w, https:\/\/nordringschule.de\/wp-content\/uploads\/2025\/09\/D4693B03-DC11-41AA-B44F-05AF417B4DA5-scaled.jpeg 1920w\" sizes=\"auto, (max-width: 768px) 100vw, 768px\" \/><\/a><\/figure>\n\n\n\n<figure class=\"wp-block-image size-large\"><a href=\"https:\/\/nordringschule.de\/wp-content\/uploads\/2025\/09\/E11C91FF-5B78-456B-BA1E-AAEC5A0DE188-scaled.jpeg\"><img loading=\"lazy\" decoding=\"async\" width=\"768\" height=\"1024\" data-id=\"5309\" src=\"https:\/\/nordringschule.de\/wp-content\/uploads\/2025\/09\/E11C91FF-5B78-456B-BA1E-AAEC5A0DE188-768x1024.jpeg\" alt=\"\" class=\"wp-image-5309\" srcset=\"https:\/\/nordringschule.de\/wp-content\/uploads\/2025\/09\/E11C91FF-5B78-456B-BA1E-AAEC5A0DE188-768x1024.jpeg 768w, https:\/\/nordringschule.de\/wp-content\/uploads\/2025\/09\/E11C91FF-5B78-456B-BA1E-AAEC5A0DE188-225x300.jpeg 225w, https:\/\/nordringschule.de\/wp-content\/uploads\/2025\/09\/E11C91FF-5B78-456B-BA1E-AAEC5A0DE188-1152x1536.jpeg 1152w, https:\/\/nordringschule.de\/wp-content\/uploads\/2025\/09\/E11C91FF-5B78-456B-BA1E-AAEC5A0DE188-1536x2048.jpeg 1536w, https:\/\/nordringschule.de\/wp-content\/uploads\/2025\/09\/E11C91FF-5B78-456B-BA1E-AAEC5A0DE188-scaled.jpeg 1920w\" sizes=\"auto, (max-width: 768px) 100vw, 768px\" \/><\/a><\/figure>\n\n\n\n<figure class=\"wp-block-image size-large\"><a href=\"https:\/\/nordringschule.de\/wp-content\/uploads\/2025\/09\/9E9727B9-F4ED-4E1A-BC21-B2BCE3AA0277-scaled.jpeg\"><img loading=\"lazy\" decoding=\"async\" width=\"1024\" height=\"768\" data-id=\"5311\" src=\"https:\/\/nordringschule.de\/wp-content\/uploads\/2025\/09\/9E9727B9-F4ED-4E1A-BC21-B2BCE3AA0277-1024x768.jpeg\" alt=\"\" class=\"wp-image-5311\" srcset=\"https:\/\/nordringschule.de\/wp-content\/uploads\/2025\/09\/9E9727B9-F4ED-4E1A-BC21-B2BCE3AA0277-1024x768.jpeg 1024w, https:\/\/nordringschule.de\/wp-content\/uploads\/2025\/09\/9E9727B9-F4ED-4E1A-BC21-B2BCE3AA0277-300x225.jpeg 300w, https:\/\/nordringschule.de\/wp-content\/uploads\/2025\/09\/9E9727B9-F4ED-4E1A-BC21-B2BCE3AA0277-768x576.jpeg 768w, https:\/\/nordringschule.de\/wp-content\/uploads\/2025\/09\/9E9727B9-F4ED-4E1A-BC21-B2BCE3AA0277-1536x1152.jpeg 1536w, https:\/\/nordringschule.de\/wp-content\/uploads\/2025\/09\/9E9727B9-F4ED-4E1A-BC21-B2BCE3AA0277-2048x1536.jpeg 2048w, https:\/\/nordringschule.de\/wp-content\/uploads\/2025\/09\/9E9727B9-F4ED-4E1A-BC21-B2BCE3AA0277-400x300.jpeg 400w\" sizes=\"auto, (max-width: 1024px) 100vw, 1024px\" \/><\/a><\/figure>\n\n\n\n<figure class=\"wp-block-image size-large\"><a href=\"https:\/\/nordringschule.de\/wp-content\/uploads\/2025\/09\/B7B8BDC3-33FF-4677-A91B-CE0B0C0B1BDA-scaled.jpeg\"><img loading=\"lazy\" decoding=\"async\" width=\"768\" height=\"1024\" data-id=\"5310\" src=\"https:\/\/nordringschule.de\/wp-content\/uploads\/2025\/09\/B7B8BDC3-33FF-4677-A91B-CE0B0C0B1BDA-768x1024.jpeg\" alt=\"\" class=\"wp-image-5310\" srcset=\"https:\/\/nordringschule.de\/wp-content\/uploads\/2025\/09\/B7B8BDC3-33FF-4677-A91B-CE0B0C0B1BDA-768x1024.jpeg 768w, https:\/\/nordringschule.de\/wp-content\/uploads\/2025\/09\/B7B8BDC3-33FF-4677-A91B-CE0B0C0B1BDA-225x300.jpeg 225w, https:\/\/nordringschule.de\/wp-content\/uploads\/2025\/09\/B7B8BDC3-33FF-4677-A91B-CE0B0C0B1BDA-1152x1536.jpeg 1152w, https:\/\/nordringschule.de\/wp-content\/uploads\/2025\/09\/B7B8BDC3-33FF-4677-A91B-CE0B0C0B1BDA-1536x2048.jpeg 1536w, https:\/\/nordringschule.de\/wp-content\/uploads\/2025\/09\/B7B8BDC3-33FF-4677-A91B-CE0B0C0B1BDA-scaled.jpeg 1920w\" sizes=\"auto, (max-width: 768px) 100vw, 768px\" \/><\/a><\/figure>\n<\/figure>\n","protected":false},"excerpt":{"rendered":"<p>Im Rahmen des Praxistags darf eine Sch\u00fclergruppe der Oberstufe jeden Montag den Schulbauernhof besuchen. Dort helfen die Sch\u00fclerInnen Bauer Bernd und B\u00e4uerin Anke bei der t\u00e4glichen Arbeit auf dem Feld und mit den Tieren. Gemeinsam mit ihrer Lehrerin stellen die &hellip; <a href=\"https:\/\/nordringschule.de\/?page_id=86\">Weiterlesen <span class=\"meta-nav\">&rarr;<\/span><\/a><\/p>\n","protected":false},"author":1,"featured_media":0,"parent":15,"menu_order":4,"comment_status":"closed","ping_status":"closed","template":"","meta":{"ngg_post_thumbnail":0,"footnotes":""},"class_list":["post-86","page","type-page","status-publish","hentry"],"_links":{"self":[{"href":"https:\/\/nordringschule.de\/index.php?rest_route=\/wp\/v2\/pages\/86","targetHints":{"allow":["GET"]}}],"collection":[{"href":"https:\/\/nordringschule.de\/index.php?rest_route=\/wp\/v2\/pages"}],"about":[{"href":"https:\/\/nordringschule.de\/index.php?rest_route=\/wp\/v2\/types\/page"}],"author":[{"embeddable":true,"href":"https:\/\/nordringschule.de\/index.php?rest_route=\/wp\/v2\/users\/1"}],"replies":[{"embeddable":true,"href":"https:\/\/nordringschule.de\/index.php?rest_route=%2Fwp%2Fv2%2Fcomments&post=86"}],"version-history":[{"count":3,"href":"https:\/\/nordringschule.de\/index.php?rest_route=\/wp\/v2\/pages\/86\/revisions"}],"predecessor-version":[{"id":5312,"href":"https:\/\/nordringschule.de\/index.php?rest_route=\/wp\/v2\/pages\/86\/revisions\/5312"}],"up":[{"embeddable":true,"href":"https:\/\/nordringschule.de\/index.php?rest_route=\/wp\/v2\/pages\/15"}],"wp:attachment":[{"href":"https:\/\/nordringschule.de\/index.php?rest_route=%2Fwp%2Fv2%2Fmedia&parent=86"}],"curies":[{"name":"wp","href":"https:\/\/api.w.org\/{rel}","templated":true}]}}