{"id":71,"date":"2013-12-03T09:57:46","date_gmt":"2013-12-03T09:57:46","guid":{"rendered":"http:\/\/nordringschule.de\/?page_id=71"},"modified":"2024-03-07T12:40:16","modified_gmt":"2024-03-07T11:40:16","slug":"entwicklungsschwerpunkte","status":"publish","type":"page","link":"https:\/\/nordringschule.de\/?page_id=71","title":{"rendered":"Arbeitsschwerpunkte"},"content":{"rendered":"<p>Unsere Arbeitsschwerpunkte sind:<\/p>\n<ul>\n<li>eine intensive F\u00f6rderung in den Unterrichtsf\u00e4chern, die passgenau an den Kompetenzen der Sch\u00fclerinnen und Sch\u00fcler ansetzt,<\/li>\n<li>lebendiger und praxisnaher Unterricht,<\/li>\n<li>vielf\u00e4ltige Lernangebote im sportlichen und kreativen Bereich am Vormittag wie im Nachmittagsbereich,<\/li>\n<li>die gezielte Einbindung der M\u00f6glichkeiten digitalen Lernens,<\/li>\n<li>eine umfassende Vorbereitung auf das (berufliche) Leben nach der Schule.<\/li>\n<\/ul>\n<p>Einen Einblick in die praktische Umsetzung dieser Arbeitsschwerpunkte finden Sie unter \u201eDas Schulleben\u201c.<\/p>\n\n\n<p><\/p>\n","protected":false},"excerpt":{"rendered":"<p>Unsere Arbeitsschwerpunkte sind: eine intensive F\u00f6rderung in den Unterrichtsf\u00e4chern, die passgenau an den Kompetenzen der Sch\u00fclerinnen und Sch\u00fcler ansetzt, lebendiger und praxisnaher Unterricht, vielf\u00e4ltige Lernangebote im sportlichen und kreativen Bereich am Vormittag wie im Nachmittagsbereich, die gezielte Einbindung der M\u00f6glichkeiten &hellip; <a href=\"https:\/\/nordringschule.de\/?page_id=71\">Weiterlesen <span class=\"meta-nav\">&rarr;<\/span><\/a><\/p>\n","protected":false},"author":1,"featured_media":0,"parent":7,"menu_order":2,"comment_status":"closed","ping_status":"closed","template":"","meta":{"ngg_post_thumbnail":0,"footnotes":""},"class_list":["post-71","page","type-page","status-publish","hentry"],"_links":{"self":[{"href":"https:\/\/nordringschule.de\/index.php?rest_route=\/wp\/v2\/pages\/71","targetHints":{"allow":["GET"]}}],"collection":[{"href":"https:\/\/nordringschule.de\/index.php?rest_route=\/wp\/v2\/pages"}],"about":[{"href":"https:\/\/nordringschule.de\/index.php?rest_route=\/wp\/v2\/types\/page"}],"author":[{"embeddable":true,"href":"https:\/\/nordringschule.de\/index.php?rest_route=\/wp\/v2\/users\/1"}],"replies":[{"embeddable":true,"href":"https:\/\/nordringschule.de\/index.php?rest_route=%2Fwp%2Fv2%2Fcomments&post=71"}],"version-history":[{"count":3,"href":"https:\/\/nordringschule.de\/index.php?rest_route=\/wp\/v2\/pages\/71\/revisions"}],"predecessor-version":[{"id":4820,"href":"https:\/\/nordringschule.de\/index.php?rest_route=\/wp\/v2\/pages\/71\/revisions\/4820"}],"up":[{"embeddable":true,"href":"https:\/\/nordringschule.de\/index.php?rest_route=\/wp\/v2\/pages\/7"}],"wp:attachment":[{"href":"https:\/\/nordringschule.de\/index.php?rest_route=%2Fwp%2Fv2%2Fmedia&parent=71"}],"curies":[{"name":"wp","href":"https:\/\/api.w.org\/{rel}","templated":true}]}}