{"id":7,"date":"2013-11-26T14:20:42","date_gmt":"2013-11-26T14:20:42","guid":{"rendered":"http:\/\/nordringschule.de\/?page_id=7"},"modified":"2025-09-02T17:22:40","modified_gmt":"2025-09-02T15:22:40","slug":"die-schule","status":"publish","type":"page","link":"https:\/\/nordringschule.de\/?page_id=7","title":{"rendered":"Unsere Schule"},"content":{"rendered":"\n<p>Die Nordringschule ist eine Schule mit dem F\u00f6rderschwerpunkt Lernen.<\/p>\n\n\n\n<p>Sie umfasst die Klassenstufen 1 \u2013 10.<\/p>\n\n\n\n<p>Im Schuljahr 2025\/26 f\u00f6rdern wir 194 Sch\u00fclerinnen und Sch\u00fcler in 15 Klassen.<\/p>\n\n\n\n<p>Unsere Unterrichtszeiten:<\/p>\n\n\n\n<figure class=\"wp-block-table\"><table class=\"has-fixed-layout\"><tbody><tr><td>Schulbeginn<\/td><td>7.55 Uhr<\/td><\/tr><tr><td>1.&nbsp;&nbsp;&nbsp;&nbsp; Pause<\/td><td>09.25 Uhr<\/td><\/tr><tr><td>2.&nbsp;&nbsp;&nbsp;&nbsp; Pause<\/td><td>11.10 Uhr<\/td><\/tr><tr><td>Unterrichtsende Unterstufe (ohne Ganztag)<\/td><td>12.10 Uhr<\/td><\/tr><tr><td>Unterrichtsende Mittel- und Oberstufe (ohne Ganztag)<\/td><td>12.55 Uhr<\/td><\/tr><tr><td>Unterrichtsende Ganztagsschule (Mo-Do)<\/td><td>15.45 Uhr<\/td><\/tr><tr><td>Freitags findet keine Ganztagsschule statt<\/td><td>&nbsp;<\/td><\/tr><\/tbody><\/table><\/figure>\n","protected":false},"excerpt":{"rendered":"<p>Die Nordringschule ist eine Schule mit dem F\u00f6rderschwerpunkt Lernen. Sie umfasst die Klassenstufen 1 \u2013 10. Im Schuljahr 2025\/26 f\u00f6rdern wir 194 Sch\u00fclerinnen und Sch\u00fcler in 15 Klassen. Unsere Unterrichtszeiten: Schulbeginn 7.55 Uhr 1.&nbsp;&nbsp;&nbsp;&nbsp; Pause 09.25 Uhr 2.&nbsp;&nbsp;&nbsp;&nbsp; Pause 11.10 &hellip; <a href=\"https:\/\/nordringschule.de\/?page_id=7\">Weiterlesen <span class=\"meta-nav\">&rarr;<\/span><\/a><\/p>\n","protected":false},"author":1,"featured_media":0,"parent":0,"menu_order":2,"comment_status":"closed","ping_status":"closed","template":"","meta":{"ngg_post_thumbnail":0,"footnotes":""},"class_list":["post-7","page","type-page","status-publish","hentry"],"_links":{"self":[{"href":"https:\/\/nordringschule.de\/index.php?rest_route=\/wp\/v2\/pages\/7","targetHints":{"allow":["GET"]}}],"collection":[{"href":"https:\/\/nordringschule.de\/index.php?rest_route=\/wp\/v2\/pages"}],"about":[{"href":"https:\/\/nordringschule.de\/index.php?rest_route=\/wp\/v2\/types\/page"}],"author":[{"embeddable":true,"href":"https:\/\/nordringschule.de\/index.php?rest_route=\/wp\/v2\/users\/1"}],"replies":[{"embeddable":true,"href":"https:\/\/nordringschule.de\/index.php?rest_route=%2Fwp%2Fv2%2Fcomments&post=7"}],"version-history":[{"count":6,"href":"https:\/\/nordringschule.de\/index.php?rest_route=\/wp\/v2\/pages\/7\/revisions"}],"predecessor-version":[{"id":5282,"href":"https:\/\/nordringschule.de\/index.php?rest_route=\/wp\/v2\/pages\/7\/revisions\/5282"}],"wp:attachment":[{"href":"https:\/\/nordringschule.de\/index.php?rest_route=%2Fwp%2Fv2%2Fmedia&parent=7"}],"curies":[{"name":"wp","href":"https:\/\/api.w.org\/{rel}","templated":true}]}}