{"id":67,"date":"2013-12-03T09:53:38","date_gmt":"2013-12-03T09:53:38","guid":{"rendered":"http:\/\/nordringschule.de\/?page_id=67"},"modified":"2024-03-12T10:20:12","modified_gmt":"2024-03-12T09:20:12","slug":"entwicklungsschwerpunkt-arbeit-und-beruf","status":"publish","type":"page","link":"https:\/\/nordringschule.de\/?page_id=67","title":{"rendered":"Vorbereitung auf Leben und Beruf"},"content":{"rendered":"<p>Mit dem Schuljahr 2005\/2006 wurde an der Nordringschule ein umfassendes Arbeitslehrekonzept eingef\u00fchrt. Ziel ist das sukzessive Heranf\u00fchren der Sch\u00fclerinnen und Sch\u00fcler an die Arbeits- und Berufswelt.<\/p>\n<p>In der Unterstufe finden einmal in der Woche Arbeitsgemeinschaften am Vormittag statt, die sich mit den Bereichen Hauswirtschaft, Werken und Textilem Gestalten besch\u00e4ftigen. Die Sch\u00fcler lernen in dieser Zeit neben dem handwerklichen Know-How zus\u00e4tzlich das Arbeiten in festen Strukturen.<\/p>\n<p>In der Mittel- und Oberstufe setzen sich diese Kurse entsprechend fort. F\u00fcr Sch\u00fcler der Klassenstufen 7 bis 10 steht sogar ein ganzer Tag im Zeichen der Arbeitslehre.<\/p>\n<h3>&nbsp;<\/h3>\n<h3><strong><u>\u00dcbergang Schule \u2013 Beruf<\/u><\/strong><\/h3>\n<p><strong><u>Arbeitslehrekonzept der Nordringschule<\/u><\/strong><\/p>\n<p><span style=\"color: #3366ff;\"><strong>(1) Praxistag<\/strong><\/span><\/p>\n<p><span style=\"color: #3366ff;\"><strong>(a) an der Schule (Montag bis 14.45Uhr)<\/strong><\/span><\/p>\n<p><em style=\"font-weight: 300;\">Organisation<\/em><span style=\"font-weight: 300;\">:&nbsp;<\/span><\/p>\n<p><strong>Werkstattangebote<\/strong> <strong>durch Fachlehrkr\u00e4fte<\/strong><\/p>\n<p><em>Zielgruppe: <\/em><\/p>\n<p><strong>Jugendliche im Schulbesuchsjahr (Sbj) 7, 8 und 9<br \/>\n<\/strong><\/p>\n<p><em>Ziele<\/em> : &nbsp;<\/p>\n<ul>\n<li>Erwerb von<strong> Kenntnissen<\/strong> in den Bereichen Sicherheit \/ Hygiene \/ Arbeitstechniken<\/li>\n<li><span style=\"font-weight: 300;\">Erwerb von<\/span><strong> F\u00e4higkeiten<\/strong><span style=\"font-weight: 300;\"> in der <\/span><strong>Arbeitsorganisation<\/strong><\/li>\n<li><span style=\"font-weight: 300;\">F\u00f6rderung der <\/span><strong>Selbstst\u00e4ndigkeit<\/strong><span style=\"font-weight: 300;\"> und der <\/span><strong>Teamf\u00e4higkeit<\/strong><\/li>\n<li><span style=\"font-weight: 300;\">Erwerb von <\/span><strong>grundlegenden Schl\u00fcsselqualifikationen<\/strong><\/li>\n<li><strong>Berufswahlunterricht&nbsp;<\/strong><span style=\"font-weight: 300;\">\/ Praktikumsvorbereitung<\/span><\/li>\n<li><span style=\"font-weight: 300;\">Entwicklung der <\/span><strong>Berufsreife<\/strong><\/li>\n<\/ul>\n<p><em style=\"font-weight: 300;\">Evaluation\/Leistungsfeststellung:<\/em><\/p>\n<ul>\n<li><strong>Beurteilungsb\u00f6gen<\/strong> am Ende eines Lehrgangs<\/li>\n<li><strong>Entwicklungsstandgespr\u00e4ch<\/strong><\/li>\n<li><strong>Erhebungsbogen<\/strong><span style=\"font-weight: 300;\"> Selbst-\/Fremdwahrnehmung<\/span><\/li>\n<li><strong>Zielvereinbarung &nbsp; &nbsp; &nbsp; &nbsp; &nbsp;&nbsp;<\/strong><\/li>\n<\/ul>\n<p><span style=\"color: #3366ff;\"><strong>b) in Ausbildungsbetrieben<\/strong><\/span><\/p>\n<p><em>Organisation:<\/em><\/p>\n<p><strong>Ausbildungsbetriebe&nbsp;<\/strong>(Montagspraktikum)<\/p>\n<p><em>Zielgruppe:&nbsp;&nbsp;&nbsp;&nbsp;&nbsp;&nbsp;&nbsp;&nbsp;&nbsp;&nbsp;&nbsp;&nbsp; <\/em><\/p>\n<p><strong>Jugendliche im freiwilligen 10. Schuljahr <\/strong>(Abschluss der Berufsreife)<br \/>\n<em>und unter bestimmten Voraussetzungen<br \/>\n<\/em><strong>Jugendliche im 2. Halbjahr 9. Sbj<\/strong> mit folgenden Voraussetzungen:<\/p>\n<ul>\n<li>regelm\u00e4\u00dfiger Schulbesuch<\/li>\n<li><span style=\"font-weight: 300;\">p\u00fcnktliches Erscheinen<\/span><\/li>\n<li>frist- und formgerechte Entschuldigungen bei Fehlzeiten<\/li>\n<li>allgemein gute Umgangsformen<\/li>\n<li><span style=\"font-weight: 300;\">respektvolles Verhalten auch in Konfliktsituationen<\/span><\/li>\n<\/ul>\n<p><em>Ziele:<\/em><\/p>\n<ul>\n<li><strong>Berufsfindungsprozess<\/strong><\/li>\n<li><strong>Vorbereitung auf eine Lehrstelle<\/strong><\/li>\n<li><strong>Pers\u00f6nlichkeitsentwicklung<\/strong><\/li>\n<\/ul>\n<p><em>Evaluation\/Leistungsfeststellung:<\/em><\/p>\n<p><em> wie bei 1 a)<\/em><\/p>\n<p>&nbsp;<\/p>\n<p><span style=\"color: #3366ff;\"><strong>(2) Berufsorientierung (BoM \/ BoP \/ Praktika)<\/strong><\/span><\/p>\n<p><span style=\"color: #3366ff;\"><strong>(a) BoM &#8211; B<\/strong>erufs<strong>o<\/strong>rientierende<strong> M<\/strong>a\u00dfnahmen<\/span><\/p>\n<p><em>Zielgruppe:&nbsp;&nbsp;&nbsp;&nbsp;&nbsp;&nbsp;&nbsp;&nbsp;&nbsp;&nbsp;&nbsp;&nbsp;&nbsp;&nbsp;&nbsp;&nbsp; <\/em><\/p>\n<p><strong>Jugendliche im 8. Schulbesuchsjahr<\/strong><\/p>\n<p><em>Anbieter:<\/em>&nbsp;&nbsp;&nbsp;&nbsp;&nbsp;&nbsp;&nbsp;&nbsp;&nbsp;&nbsp;&nbsp;&nbsp;&nbsp;&nbsp;&nbsp;&nbsp;&nbsp;&nbsp;&nbsp;<\/p>\n<p>AAW Landau \/ Handwerkskammer <strong>\u201eEntdecke dein Talent\u201c<\/strong><\/p>\n<p><em>Organisation:<\/em>&nbsp;&nbsp;&nbsp;&nbsp;&nbsp;&nbsp;&nbsp;&nbsp;&nbsp;&nbsp;&nbsp;&nbsp;<\/p>\n<p>Mitarbeiterinnen und Mitarbeiter des AAW Landau \/ der Handwerkskammer f\u00fchren mit den Jugendlichen an zwei bis drei aufeinanderfolgenden Tagen eine <strong>Potentialanalyse <\/strong>durch.<\/p>\n<p><em>Ziel:<\/em>&nbsp;&nbsp;&nbsp;&nbsp;&nbsp;&nbsp;&nbsp;&nbsp;&nbsp;&nbsp;&nbsp;&nbsp;&nbsp;&nbsp;&nbsp;&nbsp;&nbsp;&nbsp;&nbsp;&nbsp;&nbsp;&nbsp;&nbsp;&nbsp;&nbsp;&nbsp;&nbsp;&nbsp;<\/p>\n<p>Feststellen von St\u00e4rken \/ Schw\u00e4chen \/&nbsp; Entwicklungspotentialen der Jugendlichen<br \/>\nDie Ergebnisse werden mit den Eltern im Einzelgespr\u00e4ch er\u00f6rtert (Termin in der Schule)<\/p>\n<p>&nbsp;<\/p>\n<p><span style=\"color: #3366ff;\"><strong>(b) BoP<\/strong>&nbsp;&#8211;&nbsp;<strong>B<\/strong>erufs<strong>o<\/strong>rientierendes <strong>P<\/strong>raktikum<\/span><\/p>\n<p><em>Zielgruppe:&nbsp;&nbsp;&nbsp;&nbsp;&nbsp;&nbsp;&nbsp;&nbsp;&nbsp;&nbsp;&nbsp;&nbsp;&nbsp;&nbsp;&nbsp;&nbsp; <\/em><\/p>\n<p><strong>Jugendliche im 8. und 9. Schulbesuchsjahr<\/strong><\/p>\n<p><em>Organisation:<\/em>&nbsp;&nbsp;&nbsp;&nbsp;&nbsp;&nbsp;&nbsp;&nbsp;&nbsp;&nbsp;&nbsp;&nbsp;<\/p>\n<p>Der <strong>Berufswahlkoordinator der Schule <\/strong>(Herr Nieder) bereitet im Berufswahlunterricht (Montag) in Absprache mit den Klassenlehrkr\u00e4ften das Praktikum vor.<br \/>\n<strong>Die Betreuung<\/strong> erfolgt durch die <strong>Klassenlehrkr\u00e4fte<\/strong>.<br \/>\n<strong>Die Praktikumsstellen werden durch die Schulleitung genehmigt und der Gemeindeunfallversicherung gemeldet.<\/strong><\/p>\n<p><u>WICHTIG:<\/u>&nbsp;Es werden nur Berufsfelder genehmigt, die realistisch mit dem zu erwartenden Schulabschluss (F\u00f6rderschulabschluss\/Berufsreifeabschluss) erreichbar sind!<\/p>\n<p><em>&nbsp;&nbsp;&nbsp;&nbsp;&nbsp;&nbsp;&nbsp;&nbsp;&nbsp;&nbsp;&nbsp;&nbsp;&nbsp;&nbsp;&nbsp;&nbsp;&nbsp;&nbsp;&nbsp;&nbsp;&nbsp;&nbsp;&nbsp;&nbsp;&nbsp;&nbsp;&nbsp;&nbsp;&nbsp;&nbsp;&nbsp;&nbsp;&nbsp;&nbsp; <\/em><strong>Termin 2018\/19 &nbsp; &nbsp; &nbsp; &nbsp; &nbsp; &nbsp; &nbsp; April 2019<\/strong><em>&nbsp;&nbsp;&nbsp; <\/em><\/p>\n<p><em>Ziele:<\/em><\/p>\n<ul>\n<li>Erfahrungen in der Berufs &#8211; und Arbeitswelt sammeln<\/li>\n<li><span style=\"font-weight: 300;\">Berufs- und Arbeitsfelder kennenlernen<\/span><\/li>\n<li><span style=\"font-weight: 300;\">Betriebe kennenlernen<\/span><\/li>\n<li><span style=\"font-weight: 300;\">Umgang mit Konflikten\/Frustrationen<\/span><\/li>\n<\/ul>\n<p>&nbsp;<\/p>\n<p><span style=\"color: #3366ff;\"><strong>(3) NRS als PROFIL-AC-Schule (NEU!)<\/strong><\/span><\/p>\n<p><strong>Praktische Berufsorientierung und Praxiserprobung<\/strong><\/p>\n<p>Das bedeutet, wir werden im Rahmen des Praxistages Potenzialanalysen durchf\u00fchren und zwar immer mit den jeweiligen Sch\u00fclerinnen und Sch\u00fclern der Klassenstufe 7 und dann wieder in 9.<\/p>\n<p><strong>Termin 2018\/19 &nbsp; &nbsp; &nbsp; &nbsp; &nbsp; &nbsp; &nbsp; April 2019<\/strong><em>&nbsp;&nbsp;&nbsp; <\/em><\/p>\n<p>&nbsp;<\/p>\n<p><span style=\"color: #3366ff;\"><strong>(4) Unterst\u00fctzungen auf Antrag der Eltern \/ Erziehungsberechtigten<\/strong><\/span><\/p>\n<p><span style=\"color: #3366ff;\"><strong><u>(a) Begleitung durch den Integrationsfachdienst (IFD)<\/u><\/strong><\/span><\/p>\n<p>Nach wie vor gibt es f\u00fcr Sch\u00fclerinnen und Sch\u00fcler im Sbj 9 <strong>Unterst\u00fctzungen beim \u00dc<\/strong>bergang<strong> S<\/strong>chule<strong> B<\/strong>eruf<strong> (\u00dcSB)<\/strong>.<\/p>\n<p><em>Zielgruppe:<\/em>&nbsp;&nbsp;&nbsp;&nbsp;&nbsp;&nbsp;&nbsp;&nbsp;&nbsp;&nbsp;&nbsp;&nbsp;&nbsp;&nbsp;&nbsp;&nbsp;<\/p>\n<p><strong>Jugendliche der Klasse 9 (bzw. 9. Sbj), die zum Besuch eines BVJ angemeldet werden<\/strong><\/p>\n<p><em>Anbieter:<\/em>&nbsp;&nbsp;&nbsp;&nbsp;&nbsp;&nbsp;&nbsp;&nbsp;&nbsp;&nbsp;&nbsp;&nbsp;&nbsp;&nbsp;&nbsp;&nbsp;&nbsp;&nbsp;&nbsp;<\/p>\n<p>Integrationsfachdienst, <em>2018\/19: Herr Schneider<\/em><\/p>\n<p><em>Organisation:<\/em>&nbsp;&nbsp;&nbsp;&nbsp;&nbsp;&nbsp;&nbsp;&nbsp;&nbsp;&nbsp;&nbsp;&nbsp;<\/p>\n<p>Die Klassen- und Fachlehrkr\u00e4fte schlagen Sch\u00fcler\/innen vor<strong>; Eltern beantragen die Unterst\u00fctzung<\/strong><\/p>\n<p>&nbsp;<\/p>\n<p><span style=\"color: #3366ff;\"><strong><u>(b) Berufseinstiegsbegleitung (Bereb)<\/u><\/strong><\/span><\/p>\n<p><em>Zielgruppe:&nbsp;&nbsp;&nbsp;&nbsp;&nbsp;&nbsp;&nbsp;&nbsp;&nbsp;&nbsp;&nbsp;&nbsp;&nbsp;&nbsp;&nbsp;&nbsp; <\/em><\/p>\n<p><strong>Jugendliche in 9V und 10 mit dem Ziel Abschluss der Berufsreife<\/strong><\/p>\n<p><em>Anbieter:<\/em>&nbsp; &nbsp; &nbsp; &nbsp; &nbsp; &nbsp; &nbsp; &nbsp; &nbsp; &nbsp;<\/p>\n<p>AAW Landau, Integrationsfachdienst, &nbsp;&nbsp;&nbsp;&nbsp;&nbsp;&nbsp;&nbsp;&nbsp;&nbsp;&nbsp;&nbsp;&nbsp;&nbsp;&nbsp;&nbsp;&nbsp;&nbsp;&nbsp;&nbsp;&nbsp;&nbsp;&nbsp;&nbsp;&nbsp;&nbsp;&nbsp;&nbsp;&nbsp;<\/p>\n<p>Die Berufseinstiegsbegleitung beginnt in der Regel in der 9. Klasse und wird bis maximal zwei Jahre \u00fcber die Regelschulpflicht hinaus gew\u00e4hrleistet.<br \/>\nZurzeit werden eine Sch\u00fclerin und ein Sch\u00fcler betreut. F\u00fcr das Schuljahr 2018\/19 haben wir noch keine Mitteilung, wie viele Pl\u00e4tze uns zugeteilt werden.<br \/>\nEventuell bekommen wir noch weitere Betreuungspl\u00e4tze.<\/p>\n<p>&nbsp;<\/p>\n<p><span style=\"color: #3366ff;\"><strong><u>(5) Dokumentation<\/u><\/strong><\/span><\/p>\n<p>Die gesamte Berufsorientierung ist in einem Berufswahlportfolio festzuhalten.<\/p>\n","protected":false},"excerpt":{"rendered":"<p>Mit dem Schuljahr 2005\/2006 wurde an der Nordringschule ein umfassendes Arbeitslehrekonzept eingef\u00fchrt. Ziel ist das sukzessive Heranf\u00fchren der Sch\u00fclerinnen und Sch\u00fcler an die Arbeits- und Berufswelt. In der Unterstufe finden einmal in der Woche Arbeitsgemeinschaften am Vormittag statt, die sich &hellip; <a href=\"https:\/\/nordringschule.de\/?page_id=67\">Weiterlesen <span class=\"meta-nav\">&rarr;<\/span><\/a><\/p>\n","protected":false},"author":1,"featured_media":0,"parent":71,"menu_order":2,"comment_status":"closed","ping_status":"closed","template":"","meta":{"ngg_post_thumbnail":0,"footnotes":""},"class_list":["post-67","page","type-page","status-publish","hentry"],"_links":{"self":[{"href":"https:\/\/nordringschule.de\/index.php?rest_route=\/wp\/v2\/pages\/67","targetHints":{"allow":["GET"]}}],"collection":[{"href":"https:\/\/nordringschule.de\/index.php?rest_route=\/wp\/v2\/pages"}],"about":[{"href":"https:\/\/nordringschule.de\/index.php?rest_route=\/wp\/v2\/types\/page"}],"author":[{"embeddable":true,"href":"https:\/\/nordringschule.de\/index.php?rest_route=\/wp\/v2\/users\/1"}],"replies":[{"embeddable":true,"href":"https:\/\/nordringschule.de\/index.php?rest_route=%2Fwp%2Fv2%2Fcomments&post=67"}],"version-history":[{"count":6,"href":"https:\/\/nordringschule.de\/index.php?rest_route=\/wp\/v2\/pages\/67\/revisions"}],"predecessor-version":[{"id":4834,"href":"https:\/\/nordringschule.de\/index.php?rest_route=\/wp\/v2\/pages\/67\/revisions\/4834"}],"up":[{"embeddable":true,"href":"https:\/\/nordringschule.de\/index.php?rest_route=\/wp\/v2\/pages\/71"}],"wp:attachment":[{"href":"https:\/\/nordringschule.de\/index.php?rest_route=%2Fwp%2Fv2%2Fmedia&parent=67"}],"curies":[{"name":"wp","href":"https:\/\/api.w.org\/{rel}","templated":true}]}}