{"id":63,"date":"2013-12-03T09:51:50","date_gmt":"2013-12-03T09:51:50","guid":{"rendered":"http:\/\/nordringschule.de\/?page_id=63"},"modified":"2024-03-12T10:23:55","modified_gmt":"2024-03-12T09:23:55","slug":"schulprofil","status":"publish","type":"page","link":"https:\/\/nordringschule.de\/?page_id=63","title":{"rendered":"Schulprofil"},"content":{"rendered":"\n<p><\/p>\n\n\n\n<p>Wir verstehen uns als Schule f\u00fcr individuelle F\u00f6rderung.<\/p>\n\n\n\n<p>Das hei\u00dft, dass wir genau hinschauen, wo Kinder und Jugendliche in ihrer pers\u00f6nlichen Entwicklung und mit Blick auf die Schulf\u00e4cher stehen.<\/p>\n\n\n\n<p>Dann f\u00f6rdern wir sie, so gut wir das k\u00f6nnen, ganzheitlich in ihrer Kompetenzentwicklung.<\/p>\n\n\n\n<p>Damit das gelingen kann, bilden wir kleine Klassen mit 10 \u2013 14 Sch\u00fclerinnen und Sch\u00fclern. Insbesondere in den Klassenstufen 1 \u2013 4 arbeiten wir im Unterricht oft mit zwei Lehrkr\u00e4ften gleichzeitig.<\/p>\n\n\n\n<p>Wir arbeiten als Ganztagsschule in Angebotsform.<\/p>\n\n\n\n<p>In der Schule verstehen wir uns als Gemeinschaft. Respekt, Toleranz und demokratische Mitbestimmung spielen eine wichtige Rolle.<\/p>\n\n\n\n<p>Ganz wichtig sind uns die Zusammenarbeit mit den Eltern und vielen anderen Menschen in unserem schulischen Netzwerk (Bsp.: Zusammenarbeit mit der Stadt Landau, mit dem Jugendamt).<\/p>\n\n\n\n<p>Wenn Sie sich f\u00fcr unsere Schule interessieren und Fragen haben, k\u00f6nnen Sie uns gern unter der Telefonnummer 06341\u201483102 anrufen.<\/p>\n\n\n\n<p><\/p>\n\n\n\n<p><\/p>\n","protected":false},"excerpt":{"rendered":"<p>Wir verstehen uns als Schule f\u00fcr individuelle F\u00f6rderung. Das hei\u00dft, dass wir genau hinschauen, wo Kinder und Jugendliche in ihrer pers\u00f6nlichen Entwicklung und mit Blick auf die Schulf\u00e4cher stehen. Dann f\u00f6rdern wir sie, so gut wir das k\u00f6nnen, ganzheitlich in &hellip; <a href=\"https:\/\/nordringschule.de\/?page_id=63\">Weiterlesen <span class=\"meta-nav\">&rarr;<\/span><\/a><\/p>\n","protected":false},"author":1,"featured_media":0,"parent":7,"menu_order":1,"comment_status":"closed","ping_status":"closed","template":"","meta":{"ngg_post_thumbnail":0,"footnotes":""},"class_list":["post-63","page","type-page","status-publish","hentry"],"_links":{"self":[{"href":"https:\/\/nordringschule.de\/index.php?rest_route=\/wp\/v2\/pages\/63","targetHints":{"allow":["GET"]}}],"collection":[{"href":"https:\/\/nordringschule.de\/index.php?rest_route=\/wp\/v2\/pages"}],"about":[{"href":"https:\/\/nordringschule.de\/index.php?rest_route=\/wp\/v2\/types\/page"}],"author":[{"embeddable":true,"href":"https:\/\/nordringschule.de\/index.php?rest_route=\/wp\/v2\/users\/1"}],"replies":[{"embeddable":true,"href":"https:\/\/nordringschule.de\/index.php?rest_route=%2Fwp%2Fv2%2Fcomments&post=63"}],"version-history":[{"count":4,"href":"https:\/\/nordringschule.de\/index.php?rest_route=\/wp\/v2\/pages\/63\/revisions"}],"predecessor-version":[{"id":4836,"href":"https:\/\/nordringschule.de\/index.php?rest_route=\/wp\/v2\/pages\/63\/revisions\/4836"}],"up":[{"embeddable":true,"href":"https:\/\/nordringschule.de\/index.php?rest_route=\/wp\/v2\/pages\/7"}],"wp:attachment":[{"href":"https:\/\/nordringschule.de\/index.php?rest_route=%2Fwp%2Fv2%2Fmedia&parent=63"}],"curies":[{"name":"wp","href":"https:\/\/api.w.org\/{rel}","templated":true}]}}