{"id":4822,"date":"2024-03-11T15:32:40","date_gmt":"2024-03-11T14:32:40","guid":{"rendered":"http:\/\/nordringschule.de\/?page_id=4822"},"modified":"2026-01-27T21:01:55","modified_gmt":"2026-01-27T20:01:55","slug":"die-nordringschule-will-biosphaerenschule-werden","status":"publish","type":"page","link":"https:\/\/nordringschule.de\/?page_id=4822","title":{"rendered":"Die Nordringschule auf dem Weg zur Biosph\u00e4renschule"},"content":{"rendered":"\n<p>Im Schuljahr 2022\/23 haben wir uns beim Biosph\u00e4renreservat Pf\u00e4lzer Wald als Biosph\u00e4renschule beworben. Zurzeit durchlaufen wir das Zertifizierungsverfahren.<\/p>\n\n\n\n<p>Aber was macht das Biosph\u00e4renreservat eigentlich?<\/p>\n\n\n\n<p>Biosph\u00e4renreservat kann man \u00fcbersetzen mit \u201eLebensr\u00e4ume sch\u00fctzen\u201c. Dabei sollen die Lebensr\u00e4ume von Menschen, Tieren und Pflanzen gleicherma\u00dfen gesch\u00fctzt und erhalten werden.<\/p>\n\n\n\n<p>Dazu m\u00f6chten wir als Schule auch einen Beitrag leisten.<\/p>\n\n\n\n<p>Schon lange besch\u00e4ftigen wir uns im Unterricht mit Nachhaltigkeit und f\u00fchren viele Projekte zu dem Thema durch.<\/p>\n\n\n\n<p>Diese Arbeit m\u00f6chten wir mit der Hilfe von Frau Laux vom Biosph\u00e4renreservat weiterf\u00fchren und ausbauen.<\/p>\n\n\n\n<p>Das Biosph\u00e4renreservat arbeitet mit vielen unterschiedlichen Partner*innen zusammen und stellt den Kontakt zwischen den Schulen und diesen Partner*innen her. Dadurch erhalten wir Unterst\u00fctzung bei der Planung und Durchf\u00fchrung neuer Projekte.<\/p>\n\n\n\n<p>Als Biosph\u00e4renschule haben wir uns auch Ziele \u00fcberlegt:<\/p>\n\n\n\n<p><strong>Als Biosph\u00e4renschule wollen wir<\/strong><\/p>\n\n\n\n<p>&#8230;Bewusstsein f\u00fcr Verbrauch schaffen<\/p>\n\n\n\n<p>&#8230;als Schulgemeinschaft offen und transparent f\u00fcr Kooperationen, Projekte und Netzwerke sein<\/p>\n\n\n\n<p>&#8230;uns gut umeinander und um unsere Schule k\u00fcmmern und sie so gestalten, dass wir uns wohl f\u00fchlen k\u00f6nnen<\/p>\n\n\n\n<p>&#8230;,dass Nachhaltigkeitsthemen praxis- und lebensweltnah fester Bestandteil unseres Schullebens sind<\/p>\n\n\n\n<p>&#8230;f\u00fcr Lebensr\u00e4ume sensibilisieren, sie erhalten und neue Lebensr\u00e4ume schaffen<\/p>\n\n\n\n<p>Hier gibt es weitere Informationen \u00fcber das Biosph\u00e4renreservat und seine Projekte: <a href=\"https:\/\/www.pfaelzerwald.de\/biosphaerenreservat\/\">https:\/\/www.pfaelzerwald.de\/biosphaerenreservat\/<\/a><\/p>\n\n\n\n<p><br>Und hier stellen wir unsere Projekte und Vorhaben aus dem Bereich Nachhaltigkeit vor: <a href=\"https:\/\/www.taskcards.de\/#\/board\/df08e365-9688-430f-a497-ce8f39bd48b9\/view\">https:\/\/www.taskcards.de\/#\/board\/df08e365-9688-430f-a497-ce8f39bd48b9\/view<\/a><\/p>\n","protected":false},"excerpt":{"rendered":"<p>Im Schuljahr 2022\/23 haben wir uns beim Biosph\u00e4renreservat Pf\u00e4lzer Wald als Biosph\u00e4renschule beworben. Zurzeit durchlaufen wir das Zertifizierungsverfahren. Aber was macht das Biosph\u00e4renreservat eigentlich? Biosph\u00e4renreservat kann man \u00fcbersetzen mit \u201eLebensr\u00e4ume sch\u00fctzen\u201c. Dabei sollen die Lebensr\u00e4ume von Menschen, Tieren und Pflanzen &hellip; <a href=\"https:\/\/nordringschule.de\/?page_id=4822\">Weiterlesen <span class=\"meta-nav\">&rarr;<\/span><\/a><\/p>\n","protected":false},"author":1,"featured_media":0,"parent":15,"menu_order":3,"comment_status":"closed","ping_status":"closed","template":"","meta":{"ngg_post_thumbnail":0,"footnotes":""},"class_list":["post-4822","page","type-page","status-publish","hentry"],"_links":{"self":[{"href":"https:\/\/nordringschule.de\/index.php?rest_route=\/wp\/v2\/pages\/4822","targetHints":{"allow":["GET"]}}],"collection":[{"href":"https:\/\/nordringschule.de\/index.php?rest_route=\/wp\/v2\/pages"}],"about":[{"href":"https:\/\/nordringschule.de\/index.php?rest_route=\/wp\/v2\/types\/page"}],"author":[{"embeddable":true,"href":"https:\/\/nordringschule.de\/index.php?rest_route=\/wp\/v2\/users\/1"}],"replies":[{"embeddable":true,"href":"https:\/\/nordringschule.de\/index.php?rest_route=%2Fwp%2Fv2%2Fcomments&post=4822"}],"version-history":[{"count":3,"href":"https:\/\/nordringschule.de\/index.php?rest_route=\/wp\/v2\/pages\/4822\/revisions"}],"predecessor-version":[{"id":5411,"href":"https:\/\/nordringschule.de\/index.php?rest_route=\/wp\/v2\/pages\/4822\/revisions\/5411"}],"up":[{"embeddable":true,"href":"https:\/\/nordringschule.de\/index.php?rest_route=\/wp\/v2\/pages\/15"}],"wp:attachment":[{"href":"https:\/\/nordringschule.de\/index.php?rest_route=%2Fwp%2Fv2%2Fmedia&parent=4822"}],"curies":[{"name":"wp","href":"https:\/\/api.w.org\/{rel}","templated":true}]}}