{"id":4194,"date":"2021-11-08T20:28:57","date_gmt":"2021-11-08T19:28:57","guid":{"rendered":"http:\/\/nordringschule.de\/?page_id=4194"},"modified":"2025-09-30T16:46:55","modified_gmt":"2025-09-30T14:46:55","slug":"die-schuelervertretung","status":"publish","type":"page","link":"https:\/\/nordringschule.de\/?page_id=4194","title":{"rendered":"Die Sch\u00fcler*innenvertretung"},"content":{"rendered":"\n<p><\/p>\n\n\n\n<p>Die SV ist die Sch\u00fcler*innenvertretung der Schule und setzt sich aus den Klassensprechern der Klassen 1-10 und den von den Sch\u00fcler*innen gew\u00e4hlten Sch\u00fclersprechern bzw. Sch\u00fclersprecherinnen zusammen. <\/p>\n\n\n\n<p>In den regelm\u00e4\u00dfigen Sch\u00fcler*innenversammlungen werden Themen aus dem Klassenrat aufgegriffen und die Sch\u00fcler*innen haben die M\u00f6glichkeit mitzugestalten und mitzubestimmen. Themen sind beispielsweise Spielm\u00f6glichkeiten in den Pausen oder Abstellm\u00f6glichkeiten f\u00fcr Fahrr\u00e4der, Organisation von Feiern oder Events. <\/p>\n\n\n\n<p>Au\u00dferdem vertritt das Sch\u00fclersprecherteam regelm\u00e4\u00dfig die Sch\u00fclerschaft in der Gesamtkonferenz der Lehrkr\u00e4fte.<\/p>\n\n\n\n<p>F\u00fcr das Schuljahr 25\/26 wurden Niklas und Selina aus der 10. Klasse zum Sch\u00fclersprecher und zur Sch\u00fclersprecherin gew\u00e4hlt. Gemeinsam mit dem Vertrauenslehrerteam Frau Wentlandt und Herr Baumann leiten sie die Sch\u00fcler*innenversammlung und stehen auch in engem Kontakt mit der Schulleitung.<\/p>\n\n\n\n<p><\/p>\n","protected":false},"excerpt":{"rendered":"<p>Die SV ist die Sch\u00fcler*innenvertretung der Schule und setzt sich aus den Klassensprechern der Klassen 1-10 und den von den Sch\u00fcler*innen gew\u00e4hlten Sch\u00fclersprechern bzw. Sch\u00fclersprecherinnen zusammen. In den regelm\u00e4\u00dfigen Sch\u00fcler*innenversammlungen werden Themen aus dem Klassenrat aufgegriffen und die Sch\u00fcler*innen haben &hellip; <a href=\"https:\/\/nordringschule.de\/?page_id=4194\">Weiterlesen <span class=\"meta-nav\">&rarr;<\/span><\/a><\/p>\n","protected":false},"author":1,"featured_media":0,"parent":9,"menu_order":7,"comment_status":"closed","ping_status":"closed","template":"","meta":{"ngg_post_thumbnail":0,"footnotes":""},"class_list":["post-4194","page","type-page","status-publish","hentry"],"_links":{"self":[{"href":"https:\/\/nordringschule.de\/index.php?rest_route=\/wp\/v2\/pages\/4194","targetHints":{"allow":["GET"]}}],"collection":[{"href":"https:\/\/nordringschule.de\/index.php?rest_route=\/wp\/v2\/pages"}],"about":[{"href":"https:\/\/nordringschule.de\/index.php?rest_route=\/wp\/v2\/types\/page"}],"author":[{"embeddable":true,"href":"https:\/\/nordringschule.de\/index.php?rest_route=\/wp\/v2\/users\/1"}],"replies":[{"embeddable":true,"href":"https:\/\/nordringschule.de\/index.php?rest_route=%2Fwp%2Fv2%2Fcomments&post=4194"}],"version-history":[{"count":7,"href":"https:\/\/nordringschule.de\/index.php?rest_route=\/wp\/v2\/pages\/4194\/revisions"}],"predecessor-version":[{"id":5318,"href":"https:\/\/nordringschule.de\/index.php?rest_route=\/wp\/v2\/pages\/4194\/revisions\/5318"}],"up":[{"embeddable":true,"href":"https:\/\/nordringschule.de\/index.php?rest_route=\/wp\/v2\/pages\/9"}],"wp:attachment":[{"href":"https:\/\/nordringschule.de\/index.php?rest_route=%2Fwp%2Fv2%2Fmedia&parent=4194"}],"curies":[{"name":"wp","href":"https:\/\/api.w.org\/{rel}","templated":true}]}}