{"id":41,"date":"2013-11-29T21:38:54","date_gmt":"2013-11-29T20:38:54","guid":{"rendered":"http:\/\/nordringschule.de\/?page_id=41"},"modified":"2026-03-04T11:02:17","modified_gmt":"2026-03-04T10:02:17","slug":"der-schulsozialarbeiter","status":"publish","type":"page","link":"https:\/\/nordringschule.de\/?page_id=41","title":{"rendered":"Die Schulsozialarbeiterin"},"content":{"rendered":"\n<figure class=\"wp-block-image size-full is-resized\"><a href=\"http:\/\/nordringschule.de\/wp-content\/uploads\/2023\/04\/Joulin.jpg\"><img loading=\"lazy\" decoding=\"async\" width=\"1024\" height=\"768\" src=\"http:\/\/nordringschule.de\/wp-content\/uploads\/2023\/04\/Joulin.jpg\" alt=\"\" class=\"wp-image-4535\" style=\"aspect-ratio:1.3232758620689655;width:302px;height:auto\" srcset=\"https:\/\/nordringschule.de\/wp-content\/uploads\/2023\/04\/Joulin.jpg 1024w, https:\/\/nordringschule.de\/wp-content\/uploads\/2023\/04\/Joulin-300x225.jpg 300w, https:\/\/nordringschule.de\/wp-content\/uploads\/2023\/04\/Joulin-768x576.jpg 768w, https:\/\/nordringschule.de\/wp-content\/uploads\/2023\/04\/Joulin-400x300.jpg 400w\" sizes=\"auto, (max-width: 1024px) 100vw, 1024px\" \/><\/a><\/figure>\n\n\n<p><strong>Frau Nicole Joulin<\/strong> ist als Schulsozialarbeiterin f\u00fcr die Nordringschule zust\u00e4ndig.<\/p>\n<p>Eine Kontaktaufnahme ist \u00fcber folgende Nummer m\u00f6glich: 0171 6590844<br>nicole.joulin(at)jugendwerk-st-josef.de<\/p>\n<p><strong>Mein Angebot an der Nordringschule<\/strong><br>&nbsp;<br><em><strong>F\u00fcr Sch\u00fclerinnen und Sch\u00fcler:<\/strong><\/em><br><span style=\"font-size: revert;\">Ich helfe und berate euch bei schulischen und privaten Themen und wir suchen gemeinsam nach L\u00f6sungen, die f\u00fcr euch passen.<\/span><\/p>\n<p><em><strong>F\u00fcr Eltern:<\/strong><\/em>&nbsp;<br>Sie k\u00f6nnen mich gerne anrufen oder mir eine Mail schreiben, wenn Sie f\u00fcr Ihr Kind Unterst\u00fctzung suchen oder sich Sorgen um seine schulische oder soziale Entwicklung machen.<br>Die Gespr\u00e4che sind vertraulich und die Inhalte werden nicht weitergegeben. Schulsozialarbeit ist ein neutrales Beratungsangebot der Jugendhilfe im Lebensfeld Schule.&nbsp;<br>&nbsp;<br><em><strong>Projekte:&nbsp;<\/strong><\/em><br>Ich biete einzelne Projekte f\u00fcr Klassen oder Kleingruppen zu verschiedenen Themen an (&nbsp;\u201eWie werden wir eine Klassengemeinschaft\u201c, \u201ewie finde ich meinen Traumberuf\u201c, \u201ewie lerne ich den Umgang mit Geld\u201c, \u201eBleib cool\u201c, oder Trainings zur Alkohol- und Suchtpr\u00e4vention.)<\/p>\n<p>In den Ferien biete ich an einzelnen Tagen ein Ferienprogramm an. Hier machen wir verschiedene Ausfl\u00fcge in die Natur oder zu Tieren, Kochen gemeinsam und waren sogar schon im Museum f\u00fcr Kinder.<\/p>\n<p>Die Schulsozialarbeit an der Nordringschule wird im Auftrag der Stadt Landau vom Jugendwerk St. Josef durchgef\u00fchrt.<\/p>","protected":false},"excerpt":{"rendered":"<p>Frau Nicole Joulin ist als Schulsozialarbeiterin f\u00fcr die Nordringschule zust\u00e4ndig. Eine Kontaktaufnahme ist \u00fcber folgende Nummer m\u00f6glich: 0171 6590844nicole.joulin(at)jugendwerk-st-josef.de Mein Angebot an der Nordringschule&nbsp;F\u00fcr Sch\u00fclerinnen und Sch\u00fcler:Ich helfe und berate euch bei schulischen und privaten Themen und wir suchen gemeinsam &hellip; <a href=\"https:\/\/nordringschule.de\/?page_id=41\">Weiterlesen <span class=\"meta-nav\">&rarr;<\/span><\/a><\/p>\n","protected":false},"author":1,"featured_media":0,"parent":9,"menu_order":9,"comment_status":"closed","ping_status":"closed","template":"","meta":{"ngg_post_thumbnail":0,"footnotes":""},"class_list":["post-41","page","type-page","status-publish","hentry"],"_links":{"self":[{"href":"https:\/\/nordringschule.de\/index.php?rest_route=\/wp\/v2\/pages\/41","targetHints":{"allow":["GET"]}}],"collection":[{"href":"https:\/\/nordringschule.de\/index.php?rest_route=\/wp\/v2\/pages"}],"about":[{"href":"https:\/\/nordringschule.de\/index.php?rest_route=\/wp\/v2\/types\/page"}],"author":[{"embeddable":true,"href":"https:\/\/nordringschule.de\/index.php?rest_route=\/wp\/v2\/users\/1"}],"replies":[{"embeddable":true,"href":"https:\/\/nordringschule.de\/index.php?rest_route=%2Fwp%2Fv2%2Fcomments&post=41"}],"version-history":[{"count":9,"href":"https:\/\/nordringschule.de\/index.php?rest_route=\/wp\/v2\/pages\/41\/revisions"}],"predecessor-version":[{"id":5533,"href":"https:\/\/nordringschule.de\/index.php?rest_route=\/wp\/v2\/pages\/41\/revisions\/5533"}],"up":[{"embeddable":true,"href":"https:\/\/nordringschule.de\/index.php?rest_route=\/wp\/v2\/pages\/9"}],"wp:attachment":[{"href":"https:\/\/nordringschule.de\/index.php?rest_route=%2Fwp%2Fv2%2Fmedia&parent=41"}],"curies":[{"name":"wp","href":"https:\/\/api.w.org\/{rel}","templated":true}]}}