{"id":31,"date":"2013-11-26T14:33:15","date_gmt":"2013-11-26T13:33:15","guid":{"rendered":"http:\/\/nordringschule.de\/?page_id=31"},"modified":"2021-11-08T20:34:12","modified_gmt":"2021-11-08T19:34:12","slug":"der-foerderverein","status":"publish","type":"page","link":"https:\/\/nordringschule.de\/?page_id=31","title":{"rendered":"Der F\u00f6rderverein"},"content":{"rendered":"<p>Der F\u00f6rderverein der Nordringschule ist eine gemeinn\u00fctzige au\u00dferschulische Organisation, die die Arbeit der Nordringschule unterst\u00fctzt. Er hat sich u.a. zur Aufgabe gemacht, die \u00d6ffentlichkeit \u00fcber die Arbeit, Ziele und Probleme der F\u00f6rderschule zu informieren. Au\u00dferdem sieht er sich als Bindeglied besonderer Art zwischen Elternhaus, Schule und \u00d6ffentlichkeit. Der F\u00f6rderverein steht Kindern und Eltern beratend und helfend zur Seite.<\/p>\n<p>Vorsitzende des F\u00f6rdervereins ist Frau Knauth. Sie steht f\u00fcr weitere Ausk\u00fcnfte gerne zur Verf\u00fcgung.&nbsp;<\/p>\n<p>Freiwillige Spenden sind erw\u00fcnscht!<\/p>\n","protected":false},"excerpt":{"rendered":"<p>Der F\u00f6rderverein der Nordringschule ist eine gemeinn\u00fctzige au\u00dferschulische Organisation, die die Arbeit der Nordringschule unterst\u00fctzt. Er hat sich u.a. zur Aufgabe gemacht, die \u00d6ffentlichkeit \u00fcber die Arbeit, Ziele und Probleme der F\u00f6rderschule zu informieren. Au\u00dferdem sieht er sich als Bindeglied &hellip; <a href=\"https:\/\/nordringschule.de\/?page_id=31\">Weiterlesen <span class=\"meta-nav\">&rarr;<\/span><\/a><\/p>\n","protected":false},"author":1,"featured_media":0,"parent":9,"menu_order":10,"comment_status":"closed","ping_status":"closed","template":"","meta":{"ngg_post_thumbnail":0,"footnotes":""},"class_list":["post-31","page","type-page","status-publish","hentry"],"_links":{"self":[{"href":"https:\/\/nordringschule.de\/index.php?rest_route=\/wp\/v2\/pages\/31","targetHints":{"allow":["GET"]}}],"collection":[{"href":"https:\/\/nordringschule.de\/index.php?rest_route=\/wp\/v2\/pages"}],"about":[{"href":"https:\/\/nordringschule.de\/index.php?rest_route=\/wp\/v2\/types\/page"}],"author":[{"embeddable":true,"href":"https:\/\/nordringschule.de\/index.php?rest_route=\/wp\/v2\/users\/1"}],"replies":[{"embeddable":true,"href":"https:\/\/nordringschule.de\/index.php?rest_route=%2Fwp%2Fv2%2Fcomments&post=31"}],"version-history":[{"count":4,"href":"https:\/\/nordringschule.de\/index.php?rest_route=\/wp\/v2\/pages\/31\/revisions"}],"predecessor-version":[{"id":3725,"href":"https:\/\/nordringschule.de\/index.php?rest_route=\/wp\/v2\/pages\/31\/revisions\/3725"}],"up":[{"embeddable":true,"href":"https:\/\/nordringschule.de\/index.php?rest_route=\/wp\/v2\/pages\/9"}],"wp:attachment":[{"href":"https:\/\/nordringschule.de\/index.php?rest_route=%2Fwp%2Fv2%2Fmedia&parent=31"}],"curies":[{"name":"wp","href":"https:\/\/api.w.org\/{rel}","templated":true}]}}