{"id":2227,"date":"2017-05-08T10:07:17","date_gmt":"2017-05-08T10:07:17","guid":{"rendered":"http:\/\/nordringschule.de\/?page_id=2227"},"modified":"2024-03-12T10:22:09","modified_gmt":"2024-03-12T09:22:09","slug":"bne-bildung-fuer-nachhaltige-entwicklung","status":"publish","type":"page","link":"https:\/\/nordringschule.de\/?page_id=2227","title":{"rendered":"BNE &#8211; Bildung f\u00fcr nachhaltige Entwicklung"},"content":{"rendered":"<p><span style=\"font-family: Arial, sans-serif;\">Seit 2015 ist die Nordringschule Mitglied im Netzwerk \u201eBildung f\u00fcr nachhaltige Entwicklung Rheinland-Pfalz\u201c <\/span><span style=\"font-family: Arial, sans-serif;\">(BNE)<\/span><span style=\"font-family: Arial, sans-serif;\">. Die verschiedenen Schulen des Netzwerkes aus dem Landauer Raum treffen sich regelm\u00e4\u00dfig zu Fortbildungen und Tagungen, um Erfahrungen und Ideen auszutauschen. Au\u00dferdem werden <\/span><span style=\"font-family: Arial, sans-serif;\">gemeinsam<\/span><span style=\"font-family: Arial, sans-serif;\"> SCHur Stationen (Schulnahe Umweltbildungseinrichtungen Rheinland-Pfalz) in der N\u00e4he erkundet, die dann auch mit den Sch\u00fclerInnen besucht werden k\u00f6nnen. Dort werden Themen der Umweltbildung f\u00fcr Kinder und Jugendliche aufgearbeitet und pr\u00e4sentiert.<\/span><\/p>\n<p><span style=\"color: #000000;\">Informationen zu<\/span><span style=\"color: #000000;\">BNE Schule finden sich hier:<br \/>\n<\/span><a href=\"https:\/\/nachhaltigkeit.bildung-rp.de\/schulische-netzwerke\/bne-schulen.html\">https:\/\/nachhaltigkeit.bildung-rp.de\/schulische-netzwerke\/bne-schulen.html<\/a><\/p>\n<p><span style=\"color: #000000;\">Eine Liste der SCHur Stationen gibt es unter diesem Link:<br \/>\n<\/span><a href=\"https:\/\/nachhaltigkeit.bildung-rp.de\/unterstuetzungsangebot\/angebote-ausserschulischer-partner\/schur.html\">https:\/\/nachhaltigkeit.bildung-rp.de\/unterstuetzungsangebot\/angebote-ausserschulischer-partner\/schur.html<\/a><\/p>\n<p><span style=\"font-family: Arial, sans-serif;\">Schon vor <\/span><span style=\"font-family: Arial, sans-serif;\">unserem<\/span><span style=\"font-family: Arial, sans-serif;\"> Beitritt zu<\/span><span style=\"font-family: Arial, sans-serif;\">m<\/span><span style=\"font-family: Arial, sans-serif;\"> BNE-Netzwerk war die Nordringschule im Bereich Bildung zur Nachhaltigkeit aktiv.\u00a0<\/span><span style=\"font-family: Arial, sans-serif;\">Artikel \u00fcber aktuelle Projekte und Unterrichtsthemen zur Nachhaltigkeit werden regelm\u00e4\u00dfig auf der Startseite unserer Homepage ver\u00f6ffentlicht.<\/span><\/p>\n<p><span style=\"font-family: Arial, sans-serif;\">Folgende Projekte und Themen sind an der Nordringschule zur Zeit im Auf- und st\u00e4ndigen Ausbau: <\/span><\/p>\n<ul>\n<li><span style=\"font-family: Arial, sans-serif;\">Eigener Schulgarten: selbstgebaute Hochbeete mit Gem\u00fcse und ein Schulgarten aus heimischen unbehandelten H\u00f6lzern mit Beerenstr\u00e4uchern und Zierpflanzen<\/span><\/li>\n<li><span style=\"font-family: Arial, sans-serif;\">Projekt Sch\u00fclervertretung: regelm\u00e4\u00dfige Treffen der SV, Mitgestaltung und Teilhabe am Schulleben, Mitgestaltung des Schulgeb\u00e4udes, Organisation von Schulfesten, Gestaltung von Flyern von Sch\u00fclern f\u00fcr Sch\u00fcler<\/span><\/li>\n<li><span style=\"font-family: Arial, sans-serif;\">Verankerung eines w\u00f6chentlichen Klassenrats im Stundenplan aller Klassen<\/span><\/li>\n<li><span style=\"font-family: Arial, sans-serif;\">Projekt Streitschlichtung: Ausbildung von Sch\u00fclern f\u00fcr die Streitschlichtung und Streitschlichtung durch Sch\u00fcler<\/span><\/li>\n<li><span style=\"font-family: Arial, sans-serif;\">Projekt Arbeitslehre Klasse: stufen\u00fcbergreifender Unterricht mit Sch\u00fclern der Klasse 7-9, w\u00f6chentlicher Besuch des Schulbauernhofs in Niederotterbach, regelm\u00e4\u00dfiges Kochen<\/span><\/li>\n<li><span style=\"font-family: Arial, sans-serif;\">Zusammenarbeit mit dem Schulbauernhof in Niederotterbach: w\u00f6chentlicher Praxistag der AL-Klasse und regelm\u00e4\u00dfige Unterrichtsg\u00e4nge der Unter- und Mittelstufe<\/span><\/li>\n<li><span style=\"font-family: Arial, sans-serif;\">Teilnahme an der Aktion Bienen<\/span><\/li>\n<li><span style=\"font-family: Arial, sans-serif;\">Projekt Bienen: Schulimkerei auf dem Schulbauernhof Niederotterbach<\/span><\/li>\n<li><span style=\"font-family: Arial, sans-serif;\">Projekt Sch\u00fclerkiosk: Zubereitung und Verkauf von Br\u00f6tchen durch Sch\u00fcler der Oberstufe in den Pausen<\/span><\/li>\n<li><span style=\"font-family: Arial, sans-serif;\">Projekt Imbiss: t\u00e4gliche Zubereitung und Verkauf eines Imbiss f\u00fcr das Mittagessen durch Sch\u00fcler der Mittel- und Oberstufe<\/span><\/li>\n<li><span style=\"font-family: Arial, sans-serif;\">Mitbestimmung der Sch\u00fcler bez\u00fcglich des Mittagessen<\/span><\/li>\n<li><span style=\"font-family: Arial, sans-serif;\">Seit 2015: Kooperation mit au\u00dferschulischen Partnern in der Umwelt AG<\/span><\/li>\n<li><span style=\"font-family: Arial, sans-serif;\">Seit 2015: AG Sch\u00fclerradio \u201eNordring.fm\u201c: Verfassen, Aufnehmen und Schneiden von Radiosendungen durch Sch\u00fcler der Mittel- und Oberstufe zu aktuellen, selbstgew\u00e4hlten Themen<\/span><\/li>\n<\/ul>\n<p>&nbsp;<\/p>\n","protected":false},"excerpt":{"rendered":"<p>Seit 2015 ist die Nordringschule Mitglied im Netzwerk \u201eBildung f\u00fcr nachhaltige Entwicklung Rheinland-Pfalz\u201c (BNE). Die verschiedenen Schulen des Netzwerkes aus dem Landauer Raum treffen sich regelm\u00e4\u00dfig zu Fortbildungen und Tagungen, um Erfahrungen und Ideen auszutauschen. Au\u00dferdem werden gemeinsam SCHur Stationen &hellip; <a href=\"https:\/\/nordringschule.de\/?page_id=2227\">Weiterlesen <span class=\"meta-nav\">&rarr;<\/span><\/a><\/p>\n","protected":false},"author":1,"featured_media":0,"parent":15,"menu_order":4,"comment_status":"closed","ping_status":"closed","template":"","meta":{"ngg_post_thumbnail":0,"footnotes":""},"class_list":["post-2227","page","type-page","status-publish","hentry"],"_links":{"self":[{"href":"https:\/\/nordringschule.de\/index.php?rest_route=\/wp\/v2\/pages\/2227","targetHints":{"allow":["GET"]}}],"collection":[{"href":"https:\/\/nordringschule.de\/index.php?rest_route=\/wp\/v2\/pages"}],"about":[{"href":"https:\/\/nordringschule.de\/index.php?rest_route=\/wp\/v2\/types\/page"}],"author":[{"embeddable":true,"href":"https:\/\/nordringschule.de\/index.php?rest_route=\/wp\/v2\/users\/1"}],"replies":[{"embeddable":true,"href":"https:\/\/nordringschule.de\/index.php?rest_route=%2Fwp%2Fv2%2Fcomments&post=2227"}],"version-history":[{"count":2,"href":"https:\/\/nordringschule.de\/index.php?rest_route=\/wp\/v2\/pages\/2227\/revisions"}],"predecessor-version":[{"id":2230,"href":"https:\/\/nordringschule.de\/index.php?rest_route=\/wp\/v2\/pages\/2227\/revisions\/2230"}],"up":[{"embeddable":true,"href":"https:\/\/nordringschule.de\/index.php?rest_route=\/wp\/v2\/pages\/15"}],"wp:attachment":[{"href":"https:\/\/nordringschule.de\/index.php?rest_route=%2Fwp%2Fv2%2Fmedia&parent=2227"}],"curies":[{"name":"wp","href":"https:\/\/api.w.org\/{rel}","templated":true}]}}