{"id":17,"date":"2013-11-26T14:28:52","date_gmt":"2013-11-26T14:28:52","guid":{"rendered":"http:\/\/nordringschule.de\/?page_id=17"},"modified":"2023-12-04T19:59:16","modified_gmt":"2023-12-04T18:59:16","slug":"die-schulleitung","status":"publish","type":"page","link":"https:\/\/nordringschule.de\/?page_id=17","title":{"rendered":"Die Schulleitung"},"content":{"rendered":"<p><strong>Dr. Katharina Wirtz (Schulleitung)<\/strong><\/p>\n<p>Frau Wirtz hat zum 28. August 2020 die Schulleitung an der Nordringschule \u00fcbernommen.&nbsp;<\/p>\n<p>Zu ihren Aufgaben geh\u00f6ren u.a.:<\/p>\n<ul>\n<li>Koordinierung der Unterrichts- und Erziehungsarbeit<\/li>\n<li>Koordination der Qualit\u00e4tsprogrammarbeit und Schulentwicklung<\/li>\n<li>Personalangelegenheiten<\/li>\n<li>Zusammenarbeit mit Schultr\u00e4ger, ADD, Ministerium<\/li>\n<li>Vertretung der Schule nach au\u00dfen<\/li>\n<li>Kontakt: 06341\/83102 oder katharina.wirtz(at)nordringschule.de<\/li>\n<\/ul>\n<p><strong>Oliver Keller (stv. Schulleitung)<\/strong><\/p>\n<p>Herr Keller hat zum August 2020 die stv. Schulleitung an der Nordringschule \u00fcbernommen.&nbsp;<\/p>\n<p>Zu seinen Aufgaben geh\u00f6ren u.a.:<\/p>\n<ul>\n<li>Organisation der Ganztagesklassen<\/li>\n<li>Organisation PES<\/li>\n<li>Vertretungspl\u00e4ne und Stundenpl\u00e4ne<\/li>\n<li>Raumplan<\/li>\n<li>Kontakt: 06341\/83102 oder oliver.keller(at)nordringschule.de<\/li>\n<\/ul>\n","protected":false},"excerpt":{"rendered":"<p>Dr. Katharina Wirtz (Schulleitung) Frau Wirtz hat zum 28. August 2020 die Schulleitung an der Nordringschule \u00fcbernommen.&nbsp; Zu ihren Aufgaben geh\u00f6ren u.a.: Koordinierung der Unterrichts- und Erziehungsarbeit Koordination der Qualit\u00e4tsprogrammarbeit und Schulentwicklung Personalangelegenheiten Zusammenarbeit mit Schultr\u00e4ger, ADD, Ministerium Vertretung der &hellip; <a href=\"https:\/\/nordringschule.de\/?page_id=17\">Weiterlesen <span class=\"meta-nav\">&rarr;<\/span><\/a><\/p>\n","protected":false},"author":1,"featured_media":0,"parent":9,"menu_order":1,"comment_status":"closed","ping_status":"closed","template":"","meta":{"ngg_post_thumbnail":0,"footnotes":""},"class_list":["post-17","page","type-page","status-publish","hentry"],"_links":{"self":[{"href":"https:\/\/nordringschule.de\/index.php?rest_route=\/wp\/v2\/pages\/17","targetHints":{"allow":["GET"]}}],"collection":[{"href":"https:\/\/nordringschule.de\/index.php?rest_route=\/wp\/v2\/pages"}],"about":[{"href":"https:\/\/nordringschule.de\/index.php?rest_route=\/wp\/v2\/types\/page"}],"author":[{"embeddable":true,"href":"https:\/\/nordringschule.de\/index.php?rest_route=\/wp\/v2\/users\/1"}],"replies":[{"embeddable":true,"href":"https:\/\/nordringschule.de\/index.php?rest_route=%2Fwp%2Fv2%2Fcomments&post=17"}],"version-history":[{"count":9,"href":"https:\/\/nordringschule.de\/index.php?rest_route=\/wp\/v2\/pages\/17\/revisions"}],"predecessor-version":[{"id":4723,"href":"https:\/\/nordringschule.de\/index.php?rest_route=\/wp\/v2\/pages\/17\/revisions\/4723"}],"up":[{"embeddable":true,"href":"https:\/\/nordringschule.de\/index.php?rest_route=\/wp\/v2\/pages\/9"}],"wp:attachment":[{"href":"https:\/\/nordringschule.de\/index.php?rest_route=%2Fwp%2Fv2%2Fmedia&parent=17"}],"curies":[{"name":"wp","href":"https:\/\/api.w.org\/{rel}","templated":true}]}}